{"id":3267,"date":"2023-02-16T23:15:25","date_gmt":"2023-02-17T03:15:25","guid":{"rendered":"https:\/\/cirixmedia.com\/?page_id=3267"},"modified":"2023-04-03T06:12:50","modified_gmt":"2023-04-03T10:12:50","slug":"benji","status":"publish","type":"page","link":"https:\/\/cirixad.com\/es\/benji\/","title":{"rendered":"Bravo"},"content":{"rendered":"<div data-elementor-type=\"wp-page\" data-elementor-id=\"3267\" class=\"elementor elementor-3267\">\n\t\t\t\t\t\t<section class=\"elementor-section elementor-top-section elementor-element elementor-element-a3a4ab5 elementor-section-boxed elementor-section-height-default elementor-section-height-default\" data-id=\"a3a4ab5\" data-element_type=\"section\" data-e-type=\"section\">\n\t\t\t\t\t\t<div class=\"elementor-container elementor-column-gap-default\">\n\t\t\t\t\t<div class=\"elementor-column elementor-col-100 elementor-top-column elementor-element elementor-element-7c70c0b2\" data-id=\"7c70c0b2\" data-element_type=\"column\" data-e-type=\"column\">\n\t\t\t<div class=\"elementor-widget-wrap elementor-element-populated\">\n\t\t\t\t\t\t<div class=\"elementor-element elementor-element-a37cac3 elementor-widget elementor-widget-heading\" data-id=\"a37cac3\" data-element_type=\"widget\" data-e-type=\"widget\" data-widget_type=\"heading.default\">\n\t\t\t\t<div class=\"elementor-widget-container\">\n\t\t\t\t\t<h2 class=\"elementor-heading-title elementor-size-default\">Bravo Market<\/h2>\t\t\t\t<\/div>\n\t\t\t\t<\/div>\n\t\t\t\t<div class=\"elementor-element elementor-element-45e6fbf3 elementor-widget-divider--view-line elementor-widget elementor-widget-divider\" data-id=\"45e6fbf3\" data-element_type=\"widget\" data-e-type=\"widget\" data-widget_type=\"divider.default\">\n\t\t\t\t<div class=\"elementor-widget-container\">\n\t\t\t\t\t\t\t<div class=\"elementor-divider\">\n\t\t\t<span class=\"elementor-divider-separator\">\n\t\t\t\t\t\t<\/span>\n\t\t<\/div>\n\t\t\t\t\t\t<\/div>\n\t\t\t\t<\/div>\n\t\t\t\t<div class=\"elementor-element elementor-element-479c0503 elementor-widget elementor-widget-heading\" data-id=\"479c0503\" data-element_type=\"widget\" data-e-type=\"widget\" data-widget_type=\"heading.default\">\n\t\t\t\t<div class=\"elementor-widget-container\">\n\t\t\t\t\t<h5 class=\"elementor-heading-title elementor-size-default\">Supermercado de productos Hispanos<\/h5>\t\t\t\t<\/div>\n\t\t\t\t<\/div>\n\t\t\t\t<section class=\"elementor-section elementor-inner-section elementor-element elementor-element-adf9aa9 elementor-section-boxed elementor-section-height-default elementor-section-height-default\" data-id=\"adf9aa9\" data-element_type=\"section\" data-e-type=\"section\">\n\t\t\t\t\t\t<div class=\"elementor-container elementor-column-gap-default\">\n\t\t\t\t\t<div class=\"elementor-column elementor-col-33 elementor-inner-column elementor-element elementor-element-25b88109\" data-id=\"25b88109\" data-element_type=\"column\" data-e-type=\"column\">\n\t\t\t<div class=\"elementor-widget-wrap elementor-element-populated\">\n\t\t\t\t\t\t<div class=\"elementor-element elementor-element-4ca27104 elementor-widget elementor-widget-image\" data-id=\"4ca27104\" data-element_type=\"widget\" data-e-type=\"widget\" data-widget_type=\"image.default\">\n\t\t\t\t<div class=\"elementor-widget-container\">\n\t\t\t\t\t\t\t\t\t\t\t\t\t\t\t<img decoding=\"async\" src=\"https:\/\/cirixad.com\/wp-content\/uploads\/elementor\/thumbs\/case-Challenge-01-q2yc5cbf3ol5xtodtr7m949ywlu5zve82qglvhuy8y.png\" title=\"case-Challenge-01\" alt=\"case-Challenge-01\" loading=\"lazy\" \/>\t\t\t\t\t\t\t\t\t\t\t\t\t\t\t<\/div>\n\t\t\t\t<\/div>\n\t\t\t\t<div class=\"elementor-element elementor-element-63f4ac6e elementor-widget elementor-widget-text-editor\" data-id=\"63f4ac6e\" data-element_type=\"widget\" data-e-type=\"widget\" data-widget_type=\"text-editor.default\">\n\t\t\t\t<div class=\"elementor-widget-container\">\n\t\t\t\t\t\t\t\t\t<p>El cliente quer\u00eda dar a conocer su nueva tienda a consumidores de productos \u00e9tnicos-latinos y su restaurante. Ofrecen  comida con saz\u00f3n latino ya sea para llevar, para fiestas, panader\u00eda y otros servicios.<\/p>\t\t\t\t\t\t\t\t<\/div>\n\t\t\t\t<\/div>\n\t\t\t\t\t<\/div>\n\t\t<\/div>\n\t\t\t\t<div class=\"elementor-column elementor-col-33 elementor-inner-column elementor-element elementor-element-7ad6bb1a\" data-id=\"7ad6bb1a\" data-element_type=\"column\" data-e-type=\"column\">\n\t\t\t<div class=\"elementor-widget-wrap elementor-element-populated\">\n\t\t\t\t\t\t<div class=\"elementor-element elementor-element-5e3acba4 elementor-widget elementor-widget-image\" data-id=\"5e3acba4\" data-element_type=\"widget\" data-e-type=\"widget\" data-widget_type=\"image.default\">\n\t\t\t\t<div class=\"elementor-widget-container\">\n\t\t\t\t\t\t\t\t\t\t\t\t\t\t\t<img decoding=\"async\" src=\"https:\/\/cirixad.com\/wp-content\/uploads\/elementor\/thumbs\/case-Tactics-01-q2yc5cbf3ol5xtodtr7m949ywlu5zve82qglvhuy8y.png\" title=\"case-Tactics-01\" alt=\"case-Tactics-01\" loading=\"lazy\" \/>\t\t\t\t\t\t\t\t\t\t\t\t\t\t\t<\/div>\n\t\t\t\t<\/div>\n\t\t\t\t<div class=\"elementor-element elementor-element-5e0dde63 elementor-widget elementor-widget-text-editor\" data-id=\"5e0dde63\" data-element_type=\"widget\" data-e-type=\"widget\" data-widget_type=\"text-editor.default\">\n\t\t\t\t<div class=\"elementor-widget-container\">\n\t\t\t\t\t\t\t\t\t<p>Agregamos valor gr\u00e1fico al logotipo de la franquicia para que perciba identificaci\u00f3n y que destaque su servicio local.<br \/>Usando el manual de imagen corporativa de la franquicia, elaboramos varios men\u00fas para comunicar la variedad de platillos del gusto del target.  Desarrollamos menus TO-GO,  menu digital para TV-ads, un sitio web, plataformas de medios sociales y campa\u00f1as de promoci\u00f3n.<\/p>\t\t\t\t\t\t\t\t<\/div>\n\t\t\t\t<\/div>\n\t\t\t\t\t<\/div>\n\t\t<\/div>\n\t\t\t\t<div class=\"elementor-column elementor-col-33 elementor-inner-column elementor-element elementor-element-523002bc\" data-id=\"523002bc\" data-element_type=\"column\" data-e-type=\"column\">\n\t\t\t<div class=\"elementor-widget-wrap elementor-element-populated\">\n\t\t\t\t\t\t<div class=\"elementor-element elementor-element-2b935876 elementor-widget elementor-widget-image\" data-id=\"2b935876\" data-element_type=\"widget\" data-e-type=\"widget\" data-widget_type=\"image.default\">\n\t\t\t\t<div class=\"elementor-widget-container\">\n\t\t\t\t\t\t\t\t\t\t\t\t\t\t\t<img decoding=\"async\" src=\"https:\/\/cirixad.com\/wp-content\/uploads\/elementor\/thumbs\/case-Results-01-q2yc5cbf3ol5xtodtr7m949ywlu5zve82qglvhuy8y.png\" title=\"case-Results-01\" alt=\"case-Results-01\" loading=\"lazy\" \/>\t\t\t\t\t\t\t\t\t\t\t\t\t\t\t<\/div>\n\t\t\t\t<\/div>\n\t\t\t\t<div class=\"elementor-element elementor-element-1fe64c2 elementor-widget elementor-widget-text-editor\" data-id=\"1fe64c2\" data-element_type=\"widget\" data-e-type=\"widget\" data-widget_type=\"text-editor.default\">\n\t\t\t\t<div class=\"elementor-widget-container\">\n\t\t\t\t\t\t\t\t\t<p>La tienda disfruta actualmente de un negocio sano y productivo con m\u00e1s de 10K de clientes por semana desde que abri\u00f3 al p\u00fablico en Agosto de 2017.<\/p>\t\t\t\t\t\t\t\t<\/div>\n\t\t\t\t<\/div>\n\t\t\t\t\t<\/div>\n\t\t<\/div>\n\t\t\t\t\t<\/div>\n\t\t<\/section>\n\t\t\t\t\t<\/div>\n\t\t<\/div>\n\t\t\t\t\t<\/div>\n\t\t<\/section>\n\t\t\t\t<section class=\"elementor-section elementor-top-section elementor-element elementor-element-191df91a elementor-section-content-top elementor-section-boxed elementor-section-height-default elementor-section-height-default\" data-id=\"191df91a\" data-element_type=\"section\" data-e-type=\"section\" id=\"Bravo\" data-settings=\"{&quot;background_background&quot;:&quot;classic&quot;}\">\n\t\t\t\t\t\t<div class=\"elementor-container elementor-column-gap-no\">\n\t\t\t\t\t<div class=\"elementor-column elementor-col-100 elementor-top-column elementor-element elementor-element-59547ed1\" data-id=\"59547ed1\" data-element_type=\"column\" data-e-type=\"column\">\n\t\t\t<div class=\"elementor-widget-wrap elementor-element-populated\">\n\t\t\t\t\t\t<div class=\"elementor-element elementor-element-471d26be gallery-spacing-custom elementor-widget elementor-widget-image-gallery\" data-id=\"471d26be\" data-element_type=\"widget\" data-e-type=\"widget\" data-widget_type=\"image-gallery.default\">\n\t\t\t\t<div class=\"elementor-widget-container\">\n\t\t\t\t\t\t\t<div class=\"elementor-image-gallery\">\n\t\t\t<div id='gallery-1' class='gallery galleryid-3267 gallery-columns-3 gallery-size-full'><figure class='gallery-item'>\n\t\t\t<div class='gallery-icon landscape'>\n\t\t\t\t<a data-elementor-open-lightbox=\"yes\" data-elementor-lightbox-slideshow=\"471d26be\" data-elementor-lightbox-title=\"3-980x760\" data-e-action-hash=\"#elementor-action%3Aaction%3Dlightbox%26settings%3DeyJpZCI6NDQxNCwidXJsIjoiaHR0cHM6XC9cL2Npcml4YWQuY29tXC93cC1jb250ZW50XC91cGxvYWRzXC8yMDIzXC8wM1wvMy05ODB4NzYwLTEuanBnIiwic2xpZGVzaG93IjoiNDcxZDI2YmUifQ%3D%3D\" href='https:\/\/cirixad.com\/wp-content\/uploads\/2023\/03\/3-980x760-1.jpg'><img fetchpriority=\"high\" decoding=\"async\" width=\"980\" height=\"760\" src=\"https:\/\/cirixad.com\/wp-content\/uploads\/2023\/03\/3-980x760-1.jpg\" class=\"attachment-full size-full\" alt=\"\" srcset=\"https:\/\/cirixad.com\/wp-content\/uploads\/2023\/03\/3-980x760-1.jpg 980w, https:\/\/cirixad.com\/wp-content\/uploads\/2023\/03\/3-980x760-1-300x233.jpg 300w, https:\/\/cirixad.com\/wp-content\/uploads\/2023\/03\/3-980x760-1-768x596.jpg 768w, https:\/\/cirixad.com\/wp-content\/uploads\/2023\/03\/3-980x760-1-15x12.jpg 15w\" sizes=\"(max-width: 980px) 100vw, 980px\" \/><\/a>\n\t\t\t<\/div><\/figure><figure class='gallery-item'>\n\t\t\t<div class='gallery-icon landscape'>\n\t\t\t\t<a data-elementor-open-lightbox=\"yes\" data-elementor-lightbox-slideshow=\"471d26be\" data-elementor-lightbox-title=\"Bravo Postcard Ad\" data-e-action-hash=\"#elementor-action%3Aaction%3Dlightbox%26settings%3DeyJpZCI6NDQyMywidXJsIjoiaHR0cHM6XC9cL2Npcml4YWQuY29tXC93cC1jb250ZW50XC91cGxvYWRzXC8yMDIzXC8wM1wvQnJhdm8tUG9zdGNhcmQtQWQuanBnIiwic2xpZGVzaG93IjoiNDcxZDI2YmUifQ%3D%3D\" href='https:\/\/cirixad.com\/wp-content\/uploads\/2023\/03\/Bravo-Postcard-Ad.jpg'><img decoding=\"async\" width=\"1800\" height=\"1396\" src=\"https:\/\/cirixad.com\/wp-content\/uploads\/2023\/03\/Bravo-Postcard-Ad.jpg\" class=\"attachment-full size-full\" alt=\"\" srcset=\"https:\/\/cirixad.com\/wp-content\/uploads\/2023\/03\/Bravo-Postcard-Ad.jpg 1800w, https:\/\/cirixad.com\/wp-content\/uploads\/2023\/03\/Bravo-Postcard-Ad-300x233.jpg 300w, https:\/\/cirixad.com\/wp-content\/uploads\/2023\/03\/Bravo-Postcard-Ad-1024x794.jpg 1024w, https:\/\/cirixad.com\/wp-content\/uploads\/2023\/03\/Bravo-Postcard-Ad-768x596.jpg 768w, https:\/\/cirixad.com\/wp-content\/uploads\/2023\/03\/Bravo-Postcard-Ad-1536x1191.jpg 1536w, https:\/\/cirixad.com\/wp-content\/uploads\/2023\/03\/Bravo-Postcard-Ad-15x12.jpg 15w\" sizes=\"(max-width: 1800px) 100vw, 1800px\" \/><\/a>\n\t\t\t<\/div><\/figure><figure class='gallery-item'>\n\t\t\t<div class='gallery-icon landscape'>\n\t\t\t\t<a data-elementor-open-lightbox=\"yes\" data-elementor-lightbox-slideshow=\"471d26be\" data-elementor-lightbox-title=\"Montrrey490x38011\" data-e-action-hash=\"#elementor-action%3Aaction%3Dlightbox%26settings%3DeyJpZCI6MzIxMywidXJsIjoiaHR0cHM6XC9cL2Npcml4YWQuY29tXC93cC1jb250ZW50XC91cGxvYWRzXC8yMDIzXC8wMlwvTW9udHJyZXk0OTB4MzgwMTEtMS5qcGciLCJzbGlkZXNob3ciOiI0NzFkMjZiZSJ9\" href='https:\/\/cirixad.com\/wp-content\/uploads\/2023\/02\/Montrrey490x38011-1.jpg'><img decoding=\"async\" width=\"490\" height=\"380\" src=\"https:\/\/cirixad.com\/wp-content\/uploads\/2023\/02\/Montrrey490x38011-1.jpg\" class=\"attachment-full size-full\" alt=\"\" srcset=\"https:\/\/cirixad.com\/wp-content\/uploads\/2023\/02\/Montrrey490x38011-1.jpg 490w, https:\/\/cirixad.com\/wp-content\/uploads\/2023\/02\/Montrrey490x38011-1-300x233.jpg 300w\" sizes=\"(max-width: 490px) 100vw, 490px\" \/><\/a>\n\t\t\t<\/div><\/figure><figure class='gallery-item'>\n\t\t\t<div class='gallery-icon landscape'>\n\t\t\t\t<a data-elementor-open-lightbox=\"yes\" data-elementor-lightbox-slideshow=\"471d26be\" data-elementor-lightbox-title=\"bravo2-01\" data-e-action-hash=\"#elementor-action%3Aaction%3Dlightbox%26settings%3DeyJpZCI6NDQxMSwidXJsIjoiaHR0cHM6XC9cL2Npcml4YWQuY29tXC93cC1jb250ZW50XC91cGxvYWRzXC8yMDIzXC8wM1wvYnJhdm8yLTAxLXNjYWxlZC5qcGciLCJzbGlkZXNob3ciOiI0NzFkMjZiZSJ9\" href='https:\/\/cirixad.com\/wp-content\/uploads\/2023\/03\/bravo2-01-scaled.jpg'><img loading=\"lazy\" decoding=\"async\" width=\"2560\" height=\"1985\" src=\"https:\/\/cirixad.com\/wp-content\/uploads\/2023\/03\/bravo2-01-scaled.jpg\" class=\"attachment-full size-full\" alt=\"\" srcset=\"https:\/\/cirixad.com\/wp-content\/uploads\/2023\/03\/bravo2-01-scaled.jpg 2560w, https:\/\/cirixad.com\/wp-content\/uploads\/2023\/03\/bravo2-01-300x233.jpg 300w, https:\/\/cirixad.com\/wp-content\/uploads\/2023\/03\/bravo2-01-1024x794.jpg 1024w, https:\/\/cirixad.com\/wp-content\/uploads\/2023\/03\/bravo2-01-768x596.jpg 768w, https:\/\/cirixad.com\/wp-content\/uploads\/2023\/03\/bravo2-01-1536x1191.jpg 1536w\" sizes=\"(max-width: 2560px) 100vw, 2560px\" \/><\/a>\n\t\t\t<\/div><\/figure><figure class='gallery-item'>\n\t\t\t<div class='gallery-icon landscape'>\n\t\t\t\t<a data-elementor-open-lightbox=\"yes\" data-elementor-lightbox-slideshow=\"471d26be\" data-elementor-lightbox-title=\"Bravo SignMenu\" data-e-action-hash=\"#elementor-action%3Aaction%3Dlightbox%26settings%3DeyJpZCI6NDQyNCwidXJsIjoiaHR0cHM6XC9cL2Npcml4YWQuY29tXC93cC1jb250ZW50XC91cGxvYWRzXC8yMDIzXC8wM1wvQnJhdm8tU2lnbk1lbnUuanBnIiwic2xpZGVzaG93IjoiNDcxZDI2YmUifQ%3D%3D\" href='https:\/\/cirixad.com\/wp-content\/uploads\/2023\/03\/Bravo-SignMenu.jpg'><img loading=\"lazy\" decoding=\"async\" width=\"980\" height=\"760\" src=\"https:\/\/cirixad.com\/wp-content\/uploads\/2023\/03\/Bravo-SignMenu.jpg\" class=\"attachment-full size-full\" alt=\"\" srcset=\"https:\/\/cirixad.com\/wp-content\/uploads\/2023\/03\/Bravo-SignMenu.jpg 980w, https:\/\/cirixad.com\/wp-content\/uploads\/2023\/03\/Bravo-SignMenu-300x233.jpg 300w, https:\/\/cirixad.com\/wp-content\/uploads\/2023\/03\/Bravo-SignMenu-768x596.jpg 768w, https:\/\/cirixad.com\/wp-content\/uploads\/2023\/03\/Bravo-SignMenu-15x12.jpg 15w\" sizes=\"(max-width: 980px) 100vw, 980px\" \/><\/a>\n\t\t\t<\/div><\/figure><figure class='gallery-item'>\n\t\t\t<div class='gallery-icon landscape'>\n\t\t\t\t<a data-elementor-open-lightbox=\"yes\" data-elementor-lightbox-slideshow=\"471d26be\" data-elementor-lightbox-title=\"bravo4-01\" data-e-action-hash=\"#elementor-action%3Aaction%3Dlightbox%26settings%3DeyJpZCI6NDQzMiwidXJsIjoiaHR0cHM6XC9cL2Npcml4YWQuY29tXC93cC1jb250ZW50XC91cGxvYWRzXC8yMDIzXC8wM1wvYnJhdm80LTAxLmpwZyIsInNsaWRlc2hvdyI6IjQ3MWQyNmJlIn0%3D\" href='https:\/\/cirixad.com\/wp-content\/uploads\/2023\/03\/bravo4-01.jpg'><img loading=\"lazy\" decoding=\"async\" width=\"1800\" height=\"1396\" src=\"https:\/\/cirixad.com\/wp-content\/uploads\/2023\/03\/bravo4-01.jpg\" class=\"attachment-full size-full\" alt=\"\" srcset=\"https:\/\/cirixad.com\/wp-content\/uploads\/2023\/03\/bravo4-01.jpg 1800w, https:\/\/cirixad.com\/wp-content\/uploads\/2023\/03\/bravo4-01-300x233.jpg 300w, https:\/\/cirixad.com\/wp-content\/uploads\/2023\/03\/bravo4-01-1024x794.jpg 1024w, https:\/\/cirixad.com\/wp-content\/uploads\/2023\/03\/bravo4-01-768x596.jpg 768w, https:\/\/cirixad.com\/wp-content\/uploads\/2023\/03\/bravo4-01-1536x1191.jpg 1536w, https:\/\/cirixad.com\/wp-content\/uploads\/2023\/03\/bravo4-01-15x12.jpg 15w\" sizes=\"(max-width: 1800px) 100vw, 1800px\" \/><\/a>\n\t\t\t<\/div><\/figure><figure class='gallery-item'>\n\t\t\t<div class='gallery-icon landscape'>\n\t\t\t\t<a data-elementor-open-lightbox=\"yes\" data-elementor-lightbox-slideshow=\"471d26be\" data-elementor-lightbox-title=\"bravo7-01\" data-e-action-hash=\"#elementor-action%3Aaction%3Dlightbox%26settings%3DeyJpZCI6NDQzNSwidXJsIjoiaHR0cHM6XC9cL2Npcml4YWQuY29tXC93cC1jb250ZW50XC91cGxvYWRzXC8yMDIzXC8wM1wvYnJhdm83LTAxLmpwZyIsInNsaWRlc2hvdyI6IjQ3MWQyNmJlIn0%3D\" href='https:\/\/cirixad.com\/wp-content\/uploads\/2023\/03\/bravo7-01.jpg'><img loading=\"lazy\" decoding=\"async\" width=\"1800\" height=\"1396\" src=\"https:\/\/cirixad.com\/wp-content\/uploads\/2023\/03\/bravo7-01.jpg\" class=\"attachment-full size-full\" alt=\"\" srcset=\"https:\/\/cirixad.com\/wp-content\/uploads\/2023\/03\/bravo7-01.jpg 1800w, https:\/\/cirixad.com\/wp-content\/uploads\/2023\/03\/bravo7-01-300x233.jpg 300w, https:\/\/cirixad.com\/wp-content\/uploads\/2023\/03\/bravo7-01-1024x794.jpg 1024w, https:\/\/cirixad.com\/wp-content\/uploads\/2023\/03\/bravo7-01-768x596.jpg 768w, https:\/\/cirixad.com\/wp-content\/uploads\/2023\/03\/bravo7-01-1536x1191.jpg 1536w, https:\/\/cirixad.com\/wp-content\/uploads\/2023\/03\/bravo7-01-15x12.jpg 15w\" sizes=\"(max-width: 1800px) 100vw, 1800px\" \/><\/a>\n\t\t\t<\/div><\/figure><figure class='gallery-item'>\n\t\t\t<div class='gallery-icon landscape'>\n\t\t\t\t<a data-elementor-open-lightbox=\"yes\" data-elementor-lightbox-slideshow=\"471d26be\" data-elementor-lightbox-title=\"bravo6-01\" data-e-action-hash=\"#elementor-action%3Aaction%3Dlightbox%26settings%3DeyJpZCI6NDQzNCwidXJsIjoiaHR0cHM6XC9cL2Npcml4YWQuY29tXC93cC1jb250ZW50XC91cGxvYWRzXC8yMDIzXC8wM1wvYnJhdm82LTAxLmpwZyIsInNsaWRlc2hvdyI6IjQ3MWQyNmJlIn0%3D\" href='https:\/\/cirixad.com\/wp-content\/uploads\/2023\/03\/bravo6-01.jpg'><img loading=\"lazy\" decoding=\"async\" width=\"1800\" height=\"1396\" src=\"https:\/\/cirixad.com\/wp-content\/uploads\/2023\/03\/bravo6-01.jpg\" class=\"attachment-full size-full\" alt=\"\" srcset=\"https:\/\/cirixad.com\/wp-content\/uploads\/2023\/03\/bravo6-01.jpg 1800w, https:\/\/cirixad.com\/wp-content\/uploads\/2023\/03\/bravo6-01-300x233.jpg 300w, https:\/\/cirixad.com\/wp-content\/uploads\/2023\/03\/bravo6-01-1024x794.jpg 1024w, https:\/\/cirixad.com\/wp-content\/uploads\/2023\/03\/bravo6-01-768x596.jpg 768w, https:\/\/cirixad.com\/wp-content\/uploads\/2023\/03\/bravo6-01-1536x1191.jpg 1536w, https:\/\/cirixad.com\/wp-content\/uploads\/2023\/03\/bravo6-01-15x12.jpg 15w\" sizes=\"(max-width: 1800px) 100vw, 1800px\" \/><\/a>\n\t\t\t<\/div><\/figure><figure class='gallery-item'>\n\t\t\t<div class='gallery-icon landscape'>\n\t\t\t\t<a data-elementor-open-lightbox=\"yes\" data-elementor-lightbox-slideshow=\"471d26be\" data-elementor-lightbox-title=\"bravo5-01\" data-e-action-hash=\"#elementor-action%3Aaction%3Dlightbox%26settings%3DeyJpZCI6NDQzMywidXJsIjoiaHR0cHM6XC9cL2Npcml4YWQuY29tXC93cC1jb250ZW50XC91cGxvYWRzXC8yMDIzXC8wM1wvYnJhdm81LTAxLmpwZyIsInNsaWRlc2hvdyI6IjQ3MWQyNmJlIn0%3D\" href='https:\/\/cirixad.com\/wp-content\/uploads\/2023\/03\/bravo5-01.jpg'><img loading=\"lazy\" decoding=\"async\" width=\"1800\" height=\"1396\" src=\"https:\/\/cirixad.com\/wp-content\/uploads\/2023\/03\/bravo5-01.jpg\" class=\"attachment-full size-full\" alt=\"\" srcset=\"https:\/\/cirixad.com\/wp-content\/uploads\/2023\/03\/bravo5-01.jpg 1800w, https:\/\/cirixad.com\/wp-content\/uploads\/2023\/03\/bravo5-01-300x233.jpg 300w, https:\/\/cirixad.com\/wp-content\/uploads\/2023\/03\/bravo5-01-1024x794.jpg 1024w, https:\/\/cirixad.com\/wp-content\/uploads\/2023\/03\/bravo5-01-768x596.jpg 768w, https:\/\/cirixad.com\/wp-content\/uploads\/2023\/03\/bravo5-01-1536x1191.jpg 1536w, https:\/\/cirixad.com\/wp-content\/uploads\/2023\/03\/bravo5-01-15x12.jpg 15w\" sizes=\"(max-width: 1800px) 100vw, 1800px\" \/><\/a>\n\t\t\t<\/div><\/figure>\n\t\t<\/div>\n\t\t<\/div>\n\t\t\t\t\t\t<\/div>\n\t\t\t\t<\/div>\n\t\t\t\t\t<\/div>\n\t\t<\/div>\n\t\t\t\t\t<\/div>\n\t\t<\/section>\n\t\t\t\t<\/div>","protected":false},"excerpt":{"rendered":"<p>Bravo Market Hispanic grocery store Client wanted to create awareness of their the new grocery store with Latin ethnic products and kitchen. They offer to their clients homemade meals to go, catering, bakery, and other services. Developed a new logo blended with their franchise brand that remark their local service.Using all franchise corporate image manual, &hellip;<\/p>\n<p class=\"read-more\"> <a class=\"\" href=\"https:\/\/cirixad.com\/es\/benji\/\"> <span class=\"screen-reader-text\">Bravo<\/span> Leer m\u00e1s &raquo;<\/a><\/p>","protected":false},"author":1,"featured_media":0,"parent":0,"menu_order":0,"comment_status":"closed","ping_status":"closed","template":"","meta":{"site-sidebar-layout":"no-sidebar","site-content-layout":"page-builder","ast-global-header-display":"","ast-main-header-display":"","ast-hfb-above-header-display":"","ast-hfb-below-header-display":"","ast-hfb-mobile-header-display":"","site-post-title":"disabled","ast-breadcrumbs-content":"","ast-featured-img":"disabled","footer-sml-layout":"","theme-transparent-header-meta":"","adv-header-id-meta":"","stick-header-meta":"","header-above-stick-meta":"","header-main-stick-meta":"","header-below-stick-meta":"","footnotes":""},"class_list":["post-3267","page","type-page","status-publish","hentry"],"_links":{"self":[{"href":"https:\/\/cirixad.com\/es\/wp-json\/wp\/v2\/pages\/3267","targetHints":{"allow":["GET"]}}],"collection":[{"href":"https:\/\/cirixad.com\/es\/wp-json\/wp\/v2\/pages"}],"about":[{"href":"https:\/\/cirixad.com\/es\/wp-json\/wp\/v2\/types\/page"}],"author":[{"embeddable":true,"href":"https:\/\/cirixad.com\/es\/wp-json\/wp\/v2\/users\/1"}],"replies":[{"embeddable":true,"href":"https:\/\/cirixad.com\/es\/wp-json\/wp\/v2\/comments?post=3267"}],"version-history":[{"count":5,"href":"https:\/\/cirixad.com\/es\/wp-json\/wp\/v2\/pages\/3267\/revisions"}],"predecessor-version":[{"id":4517,"href":"https:\/\/cirixad.com\/es\/wp-json\/wp\/v2\/pages\/3267\/revisions\/4517"}],"wp:attachment":[{"href":"https:\/\/cirixad.com\/es\/wp-json\/wp\/v2\/media?parent=3267"}],"curies":[{"name":"wp","href":"https:\/\/api.w.org\/{rel}","templated":true}]}}