{"id":3265,"date":"2023-02-16T23:14:12","date_gmt":"2023-02-17T03:14:12","guid":{"rendered":"https:\/\/cirixmedia.com\/?page_id=3265"},"modified":"2023-03-20T22:13:35","modified_gmt":"2023-03-21T02:13:35","slug":"patricias-tamales","status":"publish","type":"page","link":"https:\/\/cirixad.com\/es\/patricias-tamales\/","title":{"rendered":"Patricias Tamales"},"content":{"rendered":"<div data-elementor-type=\"wp-page\" data-elementor-id=\"3265\" class=\"elementor elementor-3265\">\n\t\t\t\t\t\t<section class=\"elementor-section elementor-top-section elementor-element elementor-element-fa8fc67 elementor-section-height-min-height elementor-section-boxed elementor-section-height-default elementor-section-items-middle\" data-id=\"fa8fc67\" data-element_type=\"section\" data-e-type=\"section\">\n\t\t\t\t\t\t<div class=\"elementor-container elementor-column-gap-default\">\n\t\t\t\t\t<div class=\"elementor-column elementor-col-100 elementor-top-column elementor-element elementor-element-9861452\" data-id=\"9861452\" data-element_type=\"column\" data-e-type=\"column\">\n\t\t\t<div class=\"elementor-widget-wrap elementor-element-populated\">\n\t\t\t\t\t\t<div class=\"elementor-element elementor-element-66b360fb elementor-widget elementor-widget-heading\" data-id=\"66b360fb\" data-element_type=\"widget\" data-e-type=\"widget\" data-widget_type=\"heading.default\">\n\t\t\t\t<div class=\"elementor-widget-container\">\n\t\t\t\t\t<h4 class=\"elementor-heading-title elementor-size-default\">Patricia's Tamales<\/h4>\t\t\t\t<\/div>\n\t\t\t\t<\/div>\n\t\t\t\t<div class=\"elementor-element elementor-element-535aa967 elementor-widget-divider--view-line elementor-widget elementor-widget-divider\" data-id=\"535aa967\" data-element_type=\"widget\" data-e-type=\"widget\" data-widget_type=\"divider.default\">\n\t\t\t\t<div class=\"elementor-widget-container\">\n\t\t\t\t\t\t\t<div class=\"elementor-divider\">\n\t\t\t<span class=\"elementor-divider-separator\">\n\t\t\t\t\t\t<\/span>\n\t\t<\/div>\n\t\t\t\t\t\t<\/div>\n\t\t\t\t<\/div>\n\t\t\t\t<div class=\"elementor-element elementor-element-e510d64 elementor-widget elementor-widget-heading\" data-id=\"e510d64\" data-element_type=\"widget\" data-e-type=\"widget\" data-widget_type=\"heading.default\">\n\t\t\t\t<div class=\"elementor-widget-container\">\n\t\t\t\t\t<h5 class=\"elementor-heading-title elementor-size-default\">Restaurant de comida r\u00e1pida <\/h5>\t\t\t\t<\/div>\n\t\t\t\t<\/div>\n\t\t\t\t<section class=\"elementor-section elementor-inner-section elementor-element elementor-element-3b9bc49f elementor-section-height-min-height elementor-section-boxed elementor-section-height-default\" data-id=\"3b9bc49f\" data-element_type=\"section\" data-e-type=\"section\">\n\t\t\t\t\t\t<div class=\"elementor-container elementor-column-gap-default\">\n\t\t\t\t\t<div class=\"elementor-column elementor-col-33 elementor-inner-column elementor-element elementor-element-3e6d9575\" data-id=\"3e6d9575\" data-element_type=\"column\" data-e-type=\"column\">\n\t\t\t<div class=\"elementor-widget-wrap elementor-element-populated\">\n\t\t\t\t\t\t<div class=\"elementor-element elementor-element-2ddea53b elementor-widget elementor-widget-image\" data-id=\"2ddea53b\" data-element_type=\"widget\" data-e-type=\"widget\" data-widget_type=\"image.default\">\n\t\t\t\t<div class=\"elementor-widget-container\">\n\t\t\t\t\t\t\t\t\t\t\t\t\t\t\t<img decoding=\"async\" src=\"https:\/\/cirixad.com\/wp-content\/uploads\/elementor\/thumbs\/case-Challenge-01-q2yc5cbf3ol5xtodtr7m949ywlu5zve82qglvhuy8y.png\" title=\"case-Challenge-01\" alt=\"case-Challenge-01\" loading=\"lazy\" \/>\t\t\t\t\t\t\t\t\t\t\t\t\t\t\t<\/div>\n\t\t\t\t<\/div>\n\t\t\t\t<div class=\"elementor-element elementor-element-329520be elementor-widget elementor-widget-text-editor\" data-id=\"329520be\" data-element_type=\"widget\" data-e-type=\"widget\" data-widget_type=\"text-editor.default\">\n\t\t\t\t<div class=\"elementor-widget-container\">\n\t\t\t\t\t\t\t\t\t<p><strong>Nuevo Restaurant<\/strong> que opera dentro de estacion de gasolina y quiere <strong>darse a conocer en el vecindario<\/strong>y atraer a nuevos clientes para que prueben su comida. Quer\u00edan crear una base de clientes r\u00e1pidamente.<\/p>\t\t\t\t\t\t\t\t<\/div>\n\t\t\t\t<\/div>\n\t\t\t\t\t<\/div>\n\t\t<\/div>\n\t\t\t\t<div class=\"elementor-column elementor-col-33 elementor-inner-column elementor-element elementor-element-1630b730\" data-id=\"1630b730\" data-element_type=\"column\" data-e-type=\"column\">\n\t\t\t<div class=\"elementor-widget-wrap elementor-element-populated\">\n\t\t\t\t\t\t<div class=\"elementor-element elementor-element-39fd1c4b elementor-widget elementor-widget-image\" data-id=\"39fd1c4b\" data-element_type=\"widget\" data-e-type=\"widget\" data-widget_type=\"image.default\">\n\t\t\t\t<div class=\"elementor-widget-container\">\n\t\t\t\t\t\t\t\t\t\t\t\t\t\t\t<img decoding=\"async\" src=\"https:\/\/cirixad.com\/wp-content\/uploads\/elementor\/thumbs\/case-Tactics-01-q2yc5cbf3ol2vc2qoceqz1wguj2jazljopmxkjvpe4.png\" title=\"case-Tactics-01\" alt=\"case-Tactics-01\" loading=\"lazy\" \/>\t\t\t\t\t\t\t\t\t\t\t\t\t\t\t<\/div>\n\t\t\t\t<\/div>\n\t\t\t\t<div class=\"elementor-element elementor-element-7583a4c3 elementor-widget elementor-widget-text-editor\" data-id=\"7583a4c3\" data-element_type=\"widget\" data-e-type=\"widget\" data-widget_type=\"text-editor.default\">\n\t\t\t\t<div class=\"elementor-widget-container\">\n\t\t\t\t\t\t\t\t\t<p>Crear la imagen del negocio y material de marketing para atraer el tr\u00e1fico que entra a la estaci\u00f3n de servicio, pero especialmente el tr\u00e1fico que pasa por la calle.<\/p>\t\t\t\t\t\t\t\t<\/div>\n\t\t\t\t<\/div>\n\t\t\t\t\t<\/div>\n\t\t<\/div>\n\t\t\t\t<div class=\"elementor-column elementor-col-33 elementor-inner-column elementor-element elementor-element-12a40275\" data-id=\"12a40275\" data-element_type=\"column\" data-e-type=\"column\">\n\t\t\t<div class=\"elementor-widget-wrap elementor-element-populated\">\n\t\t\t\t\t\t<div class=\"elementor-element elementor-element-24230a94 elementor-widget elementor-widget-image\" data-id=\"24230a94\" data-element_type=\"widget\" data-e-type=\"widget\" data-widget_type=\"image.default\">\n\t\t\t\t<div class=\"elementor-widget-container\">\n\t\t\t\t\t\t\t\t\t\t\t\t\t\t\t<img decoding=\"async\" src=\"https:\/\/cirixad.com\/wp-content\/uploads\/elementor\/thumbs\/case-Results-01-q2yc5cbf3ol6ck0vb9zgtnskihenf6u1q7dd45l912.png\" title=\"case-Results-01\" alt=\"case-Results-01\" loading=\"lazy\" \/>\t\t\t\t\t\t\t\t\t\t\t\t\t\t\t<\/div>\n\t\t\t\t<\/div>\n\t\t\t\t<div class=\"elementor-element elementor-element-2ecb898b elementor-widget elementor-widget-text-editor\" data-id=\"2ecb898b\" data-element_type=\"widget\" data-e-type=\"widget\" data-widget_type=\"text-editor.default\">\n\t\t\t\t<div class=\"elementor-widget-container\">\n\t\t\t\t\t\t\t\t\t<p>Creamos la imagen del restaurant bas\u00e1ndonos en colores, fuentes e im\u00e1genes que representan el target deseado.<\/p><p>Desarrollamos logotipos, tarjetas de presentacion, men\u00fas para llevar, banderines y pancartas para exteriores, carteles para puertas y men\u00fas en canvas para interiores.<\/p><p>Actualmente est\u00e1n completamente ocupados durante el desayuno y el almuerzo. Y estamos trabajando en su segundo Restaurant \"Patricia's Restaurante\".<\/p>\t\t\t\t\t\t\t\t<\/div>\n\t\t\t\t<\/div>\n\t\t\t\t\t<\/div>\n\t\t<\/div>\n\t\t\t\t\t<\/div>\n\t\t<\/section>\n\t\t\t\t\t<\/div>\n\t\t<\/div>\n\t\t\t\t\t<\/div>\n\t\t<\/section>\n\t\t\t\t<section class=\"elementor-section elementor-top-section elementor-element elementor-element-60f80d elementor-section-content-top elementor-section-boxed elementor-section-height-default elementor-section-height-default\" data-id=\"60f80d\" data-element_type=\"section\" data-e-type=\"section\" id=\"Patricia&#039;s Tamales\" data-settings=\"{&quot;background_background&quot;:&quot;classic&quot;}\">\n\t\t\t\t\t\t<div class=\"elementor-container elementor-column-gap-no\">\n\t\t\t\t\t<div class=\"elementor-column elementor-col-100 elementor-top-column elementor-element elementor-element-36270ba\" data-id=\"36270ba\" data-element_type=\"column\" data-e-type=\"column\">\n\t\t\t<div class=\"elementor-widget-wrap elementor-element-populated\">\n\t\t\t\t\t\t<div class=\"elementor-element elementor-element-6800f465 gallery-spacing-custom elementor-widget elementor-widget-image-gallery\" data-id=\"6800f465\" data-element_type=\"widget\" data-e-type=\"widget\" data-widget_type=\"image-gallery.default\">\n\t\t\t\t<div class=\"elementor-widget-container\">\n\t\t\t\t\t\t\t<div class=\"elementor-image-gallery\">\n\t\t\t<div id='gallery-1' class='gallery galleryid-3265 gallery-columns-3 gallery-size-full'><figure class='gallery-item'>\n\t\t\t<div class='gallery-icon landscape'>\n\t\t\t\t<a data-elementor-open-lightbox=\"yes\" data-elementor-lightbox-slideshow=\"6800f465\" data-elementor-lightbox-title=\"Artboard 5\" data-e-action-hash=\"#elementor-action%3Aaction%3Dlightbox%26settings%3DeyJpZCI6MzMyNCwidXJsIjoiaHR0cHM6XC9cL2Npcml4YWQuY29tXC93cC1jb250ZW50XC91cGxvYWRzXC8yMDIzXC8wMlwvQXJ0Ym9hcmQtNS02LmpwZyIsInNsaWRlc2hvdyI6IjY4MDBmNDY1In0%3D\" href='https:\/\/cirixad.com\/wp-content\/uploads\/2023\/02\/Artboard-5-6.jpg'><img fetchpriority=\"high\" decoding=\"async\" width=\"490\" height=\"380\" src=\"https:\/\/cirixad.com\/wp-content\/uploads\/2023\/02\/Artboard-5-6.jpg\" class=\"attachment-full size-full\" alt=\"\" srcset=\"https:\/\/cirixad.com\/wp-content\/uploads\/2023\/02\/Artboard-5-6.jpg 490w, https:\/\/cirixad.com\/wp-content\/uploads\/2023\/02\/Artboard-5-6-300x233.jpg 300w\" sizes=\"(max-width: 490px) 100vw, 490px\" \/><\/a>\n\t\t\t<\/div><\/figure><figure class='gallery-item'>\n\t\t\t<div class='gallery-icon landscape'>\n\t\t\t\t<a data-elementor-open-lightbox=\"yes\" data-elementor-lightbox-slideshow=\"6800f465\" data-elementor-lightbox-title=\"Artboard 2\" data-e-action-hash=\"#elementor-action%3Aaction%3Dlightbox%26settings%3DeyJpZCI6MjkxMywidXJsIjoiaHR0cHM6XC9cL2Npcml4YWQuY29tXC93cC1jb250ZW50XC91cGxvYWRzXC8yMDIzXC8wMlwvQXJ0Ym9hcmQtMi5qcGciLCJzbGlkZXNob3ciOiI2ODAwZjQ2NSJ9\" href='https:\/\/cirixad.com\/wp-content\/uploads\/2023\/02\/Artboard-2.jpg'><img decoding=\"async\" width=\"490\" height=\"380\" src=\"https:\/\/cirixad.com\/wp-content\/uploads\/2023\/02\/Artboard-2.jpg\" class=\"attachment-full size-full\" alt=\"\" srcset=\"https:\/\/cirixad.com\/wp-content\/uploads\/2023\/02\/Artboard-2.jpg 490w, https:\/\/cirixad.com\/wp-content\/uploads\/2023\/02\/Artboard-2-300x233.jpg 300w\" sizes=\"(max-width: 490px) 100vw, 490px\" \/><\/a>\n\t\t\t<\/div><\/figure><figure class='gallery-item'>\n\t\t\t<div class='gallery-icon landscape'>\n\t\t\t\t<a data-elementor-open-lightbox=\"yes\" data-elementor-lightbox-slideshow=\"6800f465\" data-elementor-lightbox-title=\"Artboard 4\" data-e-action-hash=\"#elementor-action%3Aaction%3Dlightbox%26settings%3DeyJpZCI6MzMyMywidXJsIjoiaHR0cHM6XC9cL2Npcml4YWQuY29tXC93cC1jb250ZW50XC91cGxvYWRzXC8yMDIzXC8wMlwvQXJ0Ym9hcmQtNC02LmpwZyIsInNsaWRlc2hvdyI6IjY4MDBmNDY1In0%3D\" href='https:\/\/cirixad.com\/wp-content\/uploads\/2023\/02\/Artboard-4-6.jpg'><img decoding=\"async\" width=\"490\" height=\"380\" src=\"https:\/\/cirixad.com\/wp-content\/uploads\/2023\/02\/Artboard-4-6.jpg\" class=\"attachment-full size-full\" alt=\"\" srcset=\"https:\/\/cirixad.com\/wp-content\/uploads\/2023\/02\/Artboard-4-6.jpg 490w, https:\/\/cirixad.com\/wp-content\/uploads\/2023\/02\/Artboard-4-6-300x233.jpg 300w\" sizes=\"(max-width: 490px) 100vw, 490px\" \/><\/a>\n\t\t\t<\/div><\/figure><figure class='gallery-item'>\n\t\t\t<div class='gallery-icon landscape'>\n\t\t\t\t<a data-elementor-open-lightbox=\"yes\" data-elementor-lightbox-slideshow=\"6800f465\" data-elementor-lightbox-title=\"Artboard 7\" data-e-action-hash=\"#elementor-action%3Aaction%3Dlightbox%26settings%3DeyJpZCI6MzMyNiwidXJsIjoiaHR0cHM6XC9cL2Npcml4YWQuY29tXC93cC1jb250ZW50XC91cGxvYWRzXC8yMDIzXC8wMlwvQXJ0Ym9hcmQtNy01LmpwZyIsInNsaWRlc2hvdyI6IjY4MDBmNDY1In0%3D\" href='https:\/\/cirixad.com\/wp-content\/uploads\/2023\/02\/Artboard-7-5.jpg'><img loading=\"lazy\" decoding=\"async\" width=\"490\" height=\"380\" src=\"https:\/\/cirixad.com\/wp-content\/uploads\/2023\/02\/Artboard-7-5.jpg\" class=\"attachment-full size-full\" alt=\"\" srcset=\"https:\/\/cirixad.com\/wp-content\/uploads\/2023\/02\/Artboard-7-5.jpg 490w, https:\/\/cirixad.com\/wp-content\/uploads\/2023\/02\/Artboard-7-5-300x233.jpg 300w\" sizes=\"(max-width: 490px) 100vw, 490px\" \/><\/a>\n\t\t\t<\/div><\/figure><figure class='gallery-item'>\n\t\t\t<div class='gallery-icon landscape'>\n\t\t\t\t<a data-elementor-open-lightbox=\"yes\" data-elementor-lightbox-slideshow=\"6800f465\" data-elementor-lightbox-title=\"Artboard 10\" data-e-action-hash=\"#elementor-action%3Aaction%3Dlightbox%26settings%3DeyJpZCI6MzMyOSwidXJsIjoiaHR0cHM6XC9cL2Npcml4YWQuY29tXC93cC1jb250ZW50XC91cGxvYWRzXC8yMDIzXC8wMlwvQXJ0Ym9hcmQtMTAtNi5qcGciLCJzbGlkZXNob3ciOiI2ODAwZjQ2NSJ9\" href='https:\/\/cirixad.com\/wp-content\/uploads\/2023\/02\/Artboard-10-6.jpg'><img loading=\"lazy\" decoding=\"async\" width=\"490\" height=\"380\" src=\"https:\/\/cirixad.com\/wp-content\/uploads\/2023\/02\/Artboard-10-6.jpg\" class=\"attachment-full size-full\" alt=\"\" srcset=\"https:\/\/cirixad.com\/wp-content\/uploads\/2023\/02\/Artboard-10-6.jpg 490w, https:\/\/cirixad.com\/wp-content\/uploads\/2023\/02\/Artboard-10-6-300x233.jpg 300w\" sizes=\"(max-width: 490px) 100vw, 490px\" \/><\/a>\n\t\t\t<\/div><\/figure><figure class='gallery-item'>\n\t\t\t<div class='gallery-icon landscape'>\n\t\t\t\t<a data-elementor-open-lightbox=\"yes\" data-elementor-lightbox-slideshow=\"6800f465\" data-elementor-lightbox-title=\"Artboard 9\" data-e-action-hash=\"#elementor-action%3Aaction%3Dlightbox%26settings%3DeyJpZCI6MzMyOCwidXJsIjoiaHR0cHM6XC9cL2Npcml4YWQuY29tXC93cC1jb250ZW50XC91cGxvYWRzXC8yMDIzXC8wMlwvQXJ0Ym9hcmQtOS01LmpwZyIsInNsaWRlc2hvdyI6IjY4MDBmNDY1In0%3D\" href='https:\/\/cirixad.com\/wp-content\/uploads\/2023\/02\/Artboard-9-5.jpg'><img loading=\"lazy\" decoding=\"async\" width=\"490\" height=\"380\" src=\"https:\/\/cirixad.com\/wp-content\/uploads\/2023\/02\/Artboard-9-5.jpg\" class=\"attachment-full size-full\" alt=\"\" srcset=\"https:\/\/cirixad.com\/wp-content\/uploads\/2023\/02\/Artboard-9-5.jpg 490w, https:\/\/cirixad.com\/wp-content\/uploads\/2023\/02\/Artboard-9-5-300x233.jpg 300w\" sizes=\"(max-width: 490px) 100vw, 490px\" \/><\/a>\n\t\t\t<\/div><\/figure><figure class='gallery-item'>\n\t\t\t<div class='gallery-icon landscape'>\n\t\t\t\t<a data-elementor-open-lightbox=\"yes\" data-elementor-lightbox-slideshow=\"6800f465\" data-elementor-lightbox-title=\"Artboard 14\" data-e-action-hash=\"#elementor-action%3Aaction%3Dlightbox%26settings%3DeyJpZCI6MzMzMywidXJsIjoiaHR0cHM6XC9cL2Npcml4YWQuY29tXC93cC1jb250ZW50XC91cGxvYWRzXC8yMDIzXC8wMlwvQXJ0Ym9hcmQtMTQtMS5qcGciLCJzbGlkZXNob3ciOiI2ODAwZjQ2NSJ9\" href='https:\/\/cirixad.com\/wp-content\/uploads\/2023\/02\/Artboard-14-1.jpg'><img loading=\"lazy\" decoding=\"async\" width=\"490\" height=\"380\" src=\"https:\/\/cirixad.com\/wp-content\/uploads\/2023\/02\/Artboard-14-1.jpg\" class=\"attachment-full size-full\" alt=\"\" srcset=\"https:\/\/cirixad.com\/wp-content\/uploads\/2023\/02\/Artboard-14-1.jpg 490w, https:\/\/cirixad.com\/wp-content\/uploads\/2023\/02\/Artboard-14-1-300x233.jpg 300w\" sizes=\"(max-width: 490px) 100vw, 490px\" \/><\/a>\n\t\t\t<\/div><\/figure><figure class='gallery-item'>\n\t\t\t<div class='gallery-icon landscape'>\n\t\t\t\t<a data-elementor-open-lightbox=\"yes\" data-elementor-lightbox-slideshow=\"6800f465\" data-elementor-lightbox-title=\"Artboard 13\" data-e-action-hash=\"#elementor-action%3Aaction%3Dlightbox%26settings%3DeyJpZCI6MzMzMiwidXJsIjoiaHR0cHM6XC9cL2Npcml4YWQuY29tXC93cC1jb250ZW50XC91cGxvYWRzXC8yMDIzXC8wMlwvQXJ0Ym9hcmQtMTMtMS5qcGciLCJzbGlkZXNob3ciOiI2ODAwZjQ2NSJ9\" href='https:\/\/cirixad.com\/wp-content\/uploads\/2023\/02\/Artboard-13-1.jpg'><img loading=\"lazy\" decoding=\"async\" width=\"490\" height=\"380\" src=\"https:\/\/cirixad.com\/wp-content\/uploads\/2023\/02\/Artboard-13-1.jpg\" class=\"attachment-full size-full\" alt=\"\" srcset=\"https:\/\/cirixad.com\/wp-content\/uploads\/2023\/02\/Artboard-13-1.jpg 490w, https:\/\/cirixad.com\/wp-content\/uploads\/2023\/02\/Artboard-13-1-300x233.jpg 300w\" sizes=\"(max-width: 490px) 100vw, 490px\" \/><\/a>\n\t\t\t<\/div><\/figure><figure class='gallery-item'>\n\t\t\t<div class='gallery-icon landscape'>\n\t\t\t\t<a data-elementor-open-lightbox=\"yes\" data-elementor-lightbox-slideshow=\"6800f465\" data-elementor-lightbox-title=\"Signs3\" data-e-action-hash=\"#elementor-action%3Aaction%3Dlightbox%26settings%3DeyJpZCI6Mjk3OCwidXJsIjoiaHR0cHM6XC9cL2Npcml4YWQuY29tXC93cC1jb250ZW50XC91cGxvYWRzXC8yMDIzXC8wMlwvU2lnbnMzLmpwZyIsInNsaWRlc2hvdyI6IjY4MDBmNDY1In0%3D\" href='https:\/\/cirixad.com\/wp-content\/uploads\/2023\/02\/Signs3.jpg'><img loading=\"lazy\" decoding=\"async\" width=\"490\" height=\"380\" src=\"https:\/\/cirixad.com\/wp-content\/uploads\/2023\/02\/Signs3.jpg\" class=\"attachment-full size-full\" alt=\"\" srcset=\"https:\/\/cirixad.com\/wp-content\/uploads\/2023\/02\/Signs3.jpg 490w, https:\/\/cirixad.com\/wp-content\/uploads\/2023\/02\/Signs3-300x233.jpg 300w\" sizes=\"(max-width: 490px) 100vw, 490px\" \/><\/a>\n\t\t\t<\/div><\/figure><figure class='gallery-item'>\n\t\t\t<div class='gallery-icon landscape'>\n\t\t\t\t<a data-elementor-open-lightbox=\"yes\" data-elementor-lightbox-slideshow=\"6800f465\" data-elementor-lightbox-title=\"Artboard 12\" data-e-action-hash=\"#elementor-action%3Aaction%3Dlightbox%26settings%3DeyJpZCI6MzMzMSwidXJsIjoiaHR0cHM6XC9cL2Npcml4YWQuY29tXC93cC1jb250ZW50XC91cGxvYWRzXC8yMDIzXC8wMlwvQXJ0Ym9hcmQtMTItNS5qcGciLCJzbGlkZXNob3ciOiI2ODAwZjQ2NSJ9\" href='https:\/\/cirixad.com\/wp-content\/uploads\/2023\/02\/Artboard-12-5.jpg'><img loading=\"lazy\" decoding=\"async\" width=\"490\" height=\"380\" src=\"https:\/\/cirixad.com\/wp-content\/uploads\/2023\/02\/Artboard-12-5.jpg\" class=\"attachment-full size-full\" alt=\"\" srcset=\"https:\/\/cirixad.com\/wp-content\/uploads\/2023\/02\/Artboard-12-5.jpg 490w, https:\/\/cirixad.com\/wp-content\/uploads\/2023\/02\/Artboard-12-5-300x233.jpg 300w\" sizes=\"(max-width: 490px) 100vw, 490px\" \/><\/a>\n\t\t\t<\/div><\/figure><figure class='gallery-item'>\n\t\t\t<div class='gallery-icon landscape'>\n\t\t\t\t<a data-elementor-open-lightbox=\"yes\" data-elementor-lightbox-slideshow=\"6800f465\" data-elementor-lightbox-title=\"Artboard 11\" data-e-action-hash=\"#elementor-action%3Aaction%3Dlightbox%26settings%3DeyJpZCI6MzMzMCwidXJsIjoiaHR0cHM6XC9cL2Npcml4YWQuY29tXC93cC1jb250ZW50XC91cGxvYWRzXC8yMDIzXC8wMlwvQXJ0Ym9hcmQtMTEtNS5qcGciLCJzbGlkZXNob3ciOiI2ODAwZjQ2NSJ9\" href='https:\/\/cirixad.com\/wp-content\/uploads\/2023\/02\/Artboard-11-5.jpg'><img loading=\"lazy\" decoding=\"async\" width=\"490\" height=\"380\" src=\"https:\/\/cirixad.com\/wp-content\/uploads\/2023\/02\/Artboard-11-5.jpg\" class=\"attachment-full size-full\" alt=\"\" srcset=\"https:\/\/cirixad.com\/wp-content\/uploads\/2023\/02\/Artboard-11-5.jpg 490w, https:\/\/cirixad.com\/wp-content\/uploads\/2023\/02\/Artboard-11-5-300x233.jpg 300w\" sizes=\"(max-width: 490px) 100vw, 490px\" \/><\/a>\n\t\t\t<\/div><\/figure>\n\t\t<\/div>\n\t\t<\/div>\n\t\t\t\t\t\t<\/div>\n\t\t\t\t<\/div>\n\t\t\t\t\t<\/div>\n\t\t<\/div>\n\t\t\t\t\t<\/div>\n\t\t<\/section>\n\t\t\t\t<\/div>","protected":false},"excerpt":{"rendered":"<p>Patricia&#8217;s Tamales Mexican Fast-Food Restaurant New restaurant inside of a gas station that wanted to create awareness, get noticed and attract new customer to try their food. They wanted to build up base customers fast. Create their business image and their own marketing material to get the awareness from the gast station traffic and the &hellip;<\/p>\n<p class=\"read-more\"> <a class=\"\" href=\"https:\/\/cirixad.com\/es\/patricias-tamales\/\"> <span class=\"screen-reader-text\">Patricias Tamales<\/span> Leer m\u00e1s &raquo;<\/a><\/p>","protected":false},"author":1,"featured_media":0,"parent":0,"menu_order":0,"comment_status":"closed","ping_status":"closed","template":"","meta":{"site-sidebar-layout":"no-sidebar","site-content-layout":"page-builder","ast-global-header-display":"","ast-main-header-display":"","ast-hfb-above-header-display":"","ast-hfb-below-header-display":"","ast-hfb-mobile-header-display":"","site-post-title":"disabled","ast-breadcrumbs-content":"","ast-featured-img":"disabled","footer-sml-layout":"","theme-transparent-header-meta":"","adv-header-id-meta":"","stick-header-meta":"","header-above-stick-meta":"","header-main-stick-meta":"","header-below-stick-meta":"","footnotes":""},"class_list":["post-3265","page","type-page","status-publish","hentry"],"_links":{"self":[{"href":"https:\/\/cirixad.com\/es\/wp-json\/wp\/v2\/pages\/3265","targetHints":{"allow":["GET"]}}],"collection":[{"href":"https:\/\/cirixad.com\/es\/wp-json\/wp\/v2\/pages"}],"about":[{"href":"https:\/\/cirixad.com\/es\/wp-json\/wp\/v2\/types\/page"}],"author":[{"embeddable":true,"href":"https:\/\/cirixad.com\/es\/wp-json\/wp\/v2\/users\/1"}],"replies":[{"embeddable":true,"href":"https:\/\/cirixad.com\/es\/wp-json\/wp\/v2\/comments?post=3265"}],"version-history":[{"count":5,"href":"https:\/\/cirixad.com\/es\/wp-json\/wp\/v2\/pages\/3265\/revisions"}],"predecessor-version":[{"id":4407,"href":"https:\/\/cirixad.com\/es\/wp-json\/wp\/v2\/pages\/3265\/revisions\/4407"}],"wp:attachment":[{"href":"https:\/\/cirixad.com\/es\/wp-json\/wp\/v2\/media?parent=3265"}],"curies":[{"name":"wp","href":"https:\/\/api.w.org\/{rel}","templated":true}]}}