{"id":3263,"date":"2023-02-16T23:13:26","date_gmt":"2023-02-17T03:13:26","guid":{"rendered":"https:\/\/cirixmedia.com\/?page_id=3263"},"modified":"2023-03-24T08:38:07","modified_gmt":"2023-03-24T12:38:07","slug":"bravo-2","status":"publish","type":"page","link":"https:\/\/cirixad.com\/es\/bravo-2\/","title":{"rendered":"Benji"},"content":{"rendered":"<div data-elementor-type=\"wp-page\" data-elementor-id=\"3263\" class=\"elementor elementor-3263\">\n\t\t\t\t\t\t<section class=\"elementor-section elementor-top-section elementor-element elementor-element-ce576c9 elementor-section-boxed elementor-section-height-default elementor-section-height-default\" data-id=\"ce576c9\" data-element_type=\"section\" data-e-type=\"section\">\n\t\t\t\t\t\t<div class=\"elementor-container elementor-column-gap-default\">\n\t\t\t\t\t<div class=\"elementor-column elementor-col-100 elementor-top-column elementor-element elementor-element-1bde82ae\" data-id=\"1bde82ae\" data-element_type=\"column\" data-e-type=\"column\">\n\t\t\t<div class=\"elementor-widget-wrap elementor-element-populated\">\n\t\t\t\t\t\t<div class=\"elementor-element elementor-element-fbdfc79 elementor-widget elementor-widget-heading\" data-id=\"fbdfc79\" data-element_type=\"widget\" data-e-type=\"widget\" data-widget_type=\"heading.default\">\n\t\t\t\t<div class=\"elementor-widget-container\">\n\t\t\t\t\t<h4 class=\"elementor-heading-title elementor-size-default\">Benji Floor Covering<\/h4>\t\t\t\t<\/div>\n\t\t\t\t<\/div>\n\t\t\t\t<div class=\"elementor-element elementor-element-253973e1 elementor-widget-divider--view-line elementor-widget elementor-widget-divider\" data-id=\"253973e1\" data-element_type=\"widget\" data-e-type=\"widget\" data-widget_type=\"divider.default\">\n\t\t\t\t<div class=\"elementor-widget-container\">\n\t\t\t\t\t\t\t<div class=\"elementor-divider\">\n\t\t\t<span class=\"elementor-divider-separator\">\n\t\t\t\t\t\t<\/span>\n\t\t<\/div>\n\t\t\t\t\t\t<\/div>\n\t\t\t\t<\/div>\n\t\t\t\t<div class=\"elementor-element elementor-element-69942b elementor-widget elementor-widget-heading\" data-id=\"69942b\" data-element_type=\"widget\" data-e-type=\"widget\" data-widget_type=\"heading.default\">\n\t\t\t\t<div class=\"elementor-widget-container\">\n\t\t\t\t\t<h5 class=\"elementor-heading-title elementor-size-default\">Compania de pisos de baldosas y derivados de piedras <\/h5>\t\t\t\t<\/div>\n\t\t\t\t<\/div>\n\t\t\t\t<section class=\"elementor-section elementor-inner-section elementor-element elementor-element-d55960f elementor-section-boxed elementor-section-height-default elementor-section-height-default\" data-id=\"d55960f\" data-element_type=\"section\" data-e-type=\"section\">\n\t\t\t\t\t\t<div class=\"elementor-container elementor-column-gap-default\">\n\t\t\t\t\t<div class=\"elementor-column elementor-col-33 elementor-inner-column elementor-element elementor-element-639c3cb5\" data-id=\"639c3cb5\" data-element_type=\"column\" data-e-type=\"column\">\n\t\t\t<div class=\"elementor-widget-wrap elementor-element-populated\">\n\t\t\t\t\t\t<div class=\"elementor-element elementor-element-29a56f89 elementor-widget elementor-widget-image\" data-id=\"29a56f89\" data-element_type=\"widget\" data-e-type=\"widget\" data-widget_type=\"image.default\">\n\t\t\t\t<div class=\"elementor-widget-container\">\n\t\t\t\t\t\t\t\t\t\t\t\t\t\t\t<img decoding=\"async\" src=\"https:\/\/cirixad.com\/wp-content\/uploads\/elementor\/thumbs\/case-Challenge-01-q2yc5cbf3ol5xtodtr7m949ywlu5zve82qglvhuy8y.png\" title=\"case-Challenge-01\" alt=\"case-Challenge-01\" loading=\"lazy\" \/>\t\t\t\t\t\t\t\t\t\t\t\t\t\t\t<\/div>\n\t\t\t\t<\/div>\n\t\t\t\t<div class=\"elementor-element elementor-element-5a7afbfe elementor-widget elementor-widget-text-editor\" data-id=\"5a7afbfe\" data-element_type=\"widget\" data-e-type=\"widget\" data-widget_type=\"text-editor.default\">\n\t\t\t\t<div class=\"elementor-widget-container\">\n\t\t\t\t\t\t\t\t\t<p>Subcontratista de pisos que desea aumentar su negocio enfoc\u00e1ndose a consumidores y propietarios particulares directamente.<\/p>\t\t\t\t\t\t\t\t<\/div>\n\t\t\t\t<\/div>\n\t\t\t\t\t<\/div>\n\t\t<\/div>\n\t\t\t\t<div class=\"elementor-column elementor-col-33 elementor-inner-column elementor-element elementor-element-3c97e0a2\" data-id=\"3c97e0a2\" data-element_type=\"column\" data-e-type=\"column\">\n\t\t\t<div class=\"elementor-widget-wrap elementor-element-populated\">\n\t\t\t\t\t\t<div class=\"elementor-element elementor-element-2fa06d9f elementor-widget elementor-widget-image\" data-id=\"2fa06d9f\" data-element_type=\"widget\" data-e-type=\"widget\" data-widget_type=\"image.default\">\n\t\t\t\t<div class=\"elementor-widget-container\">\n\t\t\t\t\t\t\t\t\t\t\t\t\t\t\t<img decoding=\"async\" src=\"https:\/\/cirixad.com\/wp-content\/uploads\/elementor\/thumbs\/case-Tactics-01-q2yc5cbf3ol4wzt63y9ztrhgvwwyfksny26pruj7ao.png\" title=\"case-Tactics-01\" alt=\"case-Tactics-01\" loading=\"lazy\" \/>\t\t\t\t\t\t\t\t\t\t\t\t\t\t\t<\/div>\n\t\t\t\t<\/div>\n\t\t\t\t<div class=\"elementor-element elementor-element-4b6557a9 elementor-widget elementor-widget-text-editor\" data-id=\"4b6557a9\" data-element_type=\"widget\" data-e-type=\"widget\" data-widget_type=\"text-editor.default\">\n\t\t\t\t<div class=\"elementor-widget-container\">\n\t\t\t\t\t\t\t\t\t<p>Iniciamos dise\u00f1ando y creando materiales de marketing para dar a conocer la compa\u00f1\u00eda con seleccionado target y progresas el objetivo de reconocimiento. Entre el material de imagen empresarial personalizado como; logotipo,  tarjetas de presentaci\u00f3n, folletos, r\u00f3tulos de magneto para veh\u00edculos, p\u00e1gina web y las redes sociales para su material publicitario.<\/p>\t\t\t\t\t\t\t\t<\/div>\n\t\t\t\t<\/div>\n\t\t\t\t\t<\/div>\n\t\t<\/div>\n\t\t\t\t<div class=\"elementor-column elementor-col-33 elementor-inner-column elementor-element elementor-element-7f8fe0e2\" data-id=\"7f8fe0e2\" data-element_type=\"column\" data-e-type=\"column\">\n\t\t\t<div class=\"elementor-widget-wrap elementor-element-populated\">\n\t\t\t\t\t\t<div class=\"elementor-element elementor-element-5251ed5d elementor-widget elementor-widget-image\" data-id=\"5251ed5d\" data-element_type=\"widget\" data-e-type=\"widget\" data-widget_type=\"image.default\">\n\t\t\t\t<div class=\"elementor-widget-container\">\n\t\t\t\t\t\t\t\t\t\t\t\t\t\t\t<img decoding=\"async\" src=\"https:\/\/cirixad.com\/wp-content\/uploads\/elementor\/thumbs\/case-Results-01-q2yc5cbf3ol656umkiljje19pjmepj44wgwzhtq3n0.png\" title=\"case-Results-01\" alt=\"case-Results-01\" loading=\"lazy\" \/>\t\t\t\t\t\t\t\t\t\t\t\t\t\t\t<\/div>\n\t\t\t\t<\/div>\n\t\t\t\t<div class=\"elementor-element elementor-element-251d7d5 elementor-widget elementor-widget-text-editor\" data-id=\"251d7d5\" data-element_type=\"widget\" data-e-type=\"widget\" data-widget_type=\"text-editor.default\">\n\t\t\t\t<div class=\"elementor-widget-container\">\n\t\t\t\t\t\t\t\t\t<p><span style=\"font-size: 11pt; font-family: Calibri, sans-serif; color: #212529; background-image: initial; background-position: initial; background-size: initial; background-repeat: initial; background-attachment: initial; background-origin: initial; background-clip: initial;\">Benji aument\u00f3 la notoriedad entre los clientes directos mediante campa\u00f1as de marketing en redes sociales, tarjetas de presentacion, anuncios en veh\u00edculos, ropa y anuncios en sitios web.<\/span><\/p>\t\t\t\t\t\t\t\t<\/div>\n\t\t\t\t<\/div>\n\t\t\t\t\t<\/div>\n\t\t<\/div>\n\t\t\t\t\t<\/div>\n\t\t<\/section>\n\t\t\t\t\t<\/div>\n\t\t<\/div>\n\t\t\t\t\t<\/div>\n\t\t<\/section>\n\t\t\t\t<section class=\"elementor-section elementor-top-section elementor-element elementor-element-3c32ed8a elementor-section-content-top elementor-section-boxed elementor-section-height-default elementor-section-height-default\" data-id=\"3c32ed8a\" data-element_type=\"section\" data-e-type=\"section\" id=\"Benji\" data-settings=\"{&quot;background_background&quot;:&quot;classic&quot;}\">\n\t\t\t\t\t\t<div class=\"elementor-container elementor-column-gap-no\">\n\t\t\t\t\t<div class=\"elementor-column elementor-col-100 elementor-top-column elementor-element elementor-element-12b436b4\" data-id=\"12b436b4\" data-element_type=\"column\" data-e-type=\"column\">\n\t\t\t<div class=\"elementor-widget-wrap elementor-element-populated\">\n\t\t\t\t\t\t<div class=\"elementor-element elementor-element-f1d54bb gallery-spacing-custom elementor-widget elementor-widget-image-gallery\" data-id=\"f1d54bb\" data-element_type=\"widget\" data-e-type=\"widget\" id=\"Benji\" data-widget_type=\"image-gallery.default\">\n\t\t\t\t<div class=\"elementor-widget-container\">\n\t\t\t\t\t\t\t<div class=\"elementor-image-gallery\">\n\t\t\t<div id='gallery-1' class='gallery galleryid-3263 gallery-columns-3 gallery-size-full'><figure class='gallery-item'>\n\t\t\t<div class='gallery-icon landscape'>\n\t\t\t\t<a data-elementor-open-lightbox=\"yes\" data-elementor-lightbox-slideshow=\"f1d54bb\" data-elementor-lightbox-title=\"Benji4-01\" data-e-action-hash=\"#elementor-action%3Aaction%3Dlightbox%26settings%3DeyJpZCI6NDQ2NCwidXJsIjoiaHR0cHM6XC9cL2Npcml4YWQuY29tXC93cC1jb250ZW50XC91cGxvYWRzXC8yMDIzXC8wM1wvQmVuamk0LTAxLmpwZyIsInNsaWRlc2hvdyI6ImYxZDU0YmIifQ%3D%3D\" href='https:\/\/cirixad.com\/wp-content\/uploads\/2023\/03\/Benji4-01.jpg'><img fetchpriority=\"high\" decoding=\"async\" width=\"1800\" height=\"1396\" src=\"https:\/\/cirixad.com\/wp-content\/uploads\/2023\/03\/Benji4-01.jpg\" class=\"attachment-full size-full\" alt=\"\" srcset=\"https:\/\/cirixad.com\/wp-content\/uploads\/2023\/03\/Benji4-01.jpg 1800w, https:\/\/cirixad.com\/wp-content\/uploads\/2023\/03\/Benji4-01-300x233.jpg 300w, https:\/\/cirixad.com\/wp-content\/uploads\/2023\/03\/Benji4-01-1024x794.jpg 1024w, https:\/\/cirixad.com\/wp-content\/uploads\/2023\/03\/Benji4-01-768x596.jpg 768w, https:\/\/cirixad.com\/wp-content\/uploads\/2023\/03\/Benji4-01-1536x1191.jpg 1536w, https:\/\/cirixad.com\/wp-content\/uploads\/2023\/03\/Benji4-01-15x12.jpg 15w\" sizes=\"(max-width: 1800px) 100vw, 1800px\" \/><\/a>\n\t\t\t<\/div><\/figure><figure class='gallery-item'>\n\t\t\t<div class='gallery-icon landscape'>\n\t\t\t\t<a data-elementor-open-lightbox=\"yes\" data-elementor-lightbox-slideshow=\"f1d54bb\" data-elementor-lightbox-title=\"Benji1-01\" data-e-action-hash=\"#elementor-action%3Aaction%3Dlightbox%26settings%3DeyJpZCI6NDQ0MywidXJsIjoiaHR0cHM6XC9cL2Npcml4YWQuY29tXC93cC1jb250ZW50XC91cGxvYWRzXC8yMDIzXC8wM1wvQmVuamkxLTAxLmpwZyIsInNsaWRlc2hvdyI6ImYxZDU0YmIifQ%3D%3D\" href='https:\/\/cirixad.com\/wp-content\/uploads\/2023\/03\/Benji1-01.jpg'><img decoding=\"async\" width=\"1800\" height=\"1396\" src=\"https:\/\/cirixad.com\/wp-content\/uploads\/2023\/03\/Benji1-01.jpg\" class=\"attachment-full size-full\" alt=\"\" srcset=\"https:\/\/cirixad.com\/wp-content\/uploads\/2023\/03\/Benji1-01.jpg 1800w, https:\/\/cirixad.com\/wp-content\/uploads\/2023\/03\/Benji1-01-300x233.jpg 300w, https:\/\/cirixad.com\/wp-content\/uploads\/2023\/03\/Benji1-01-1024x794.jpg 1024w, https:\/\/cirixad.com\/wp-content\/uploads\/2023\/03\/Benji1-01-768x596.jpg 768w, https:\/\/cirixad.com\/wp-content\/uploads\/2023\/03\/Benji1-01-1536x1191.jpg 1536w, https:\/\/cirixad.com\/wp-content\/uploads\/2023\/03\/Benji1-01-15x12.jpg 15w\" sizes=\"(max-width: 1800px) 100vw, 1800px\" \/><\/a>\n\t\t\t<\/div><\/figure><figure class='gallery-item'>\n\t\t\t<div class='gallery-icon landscape'>\n\t\t\t\t<a data-elementor-open-lightbox=\"yes\" data-elementor-lightbox-slideshow=\"f1d54bb\" data-elementor-lightbox-title=\"Benji3-01\" data-e-action-hash=\"#elementor-action%3Aaction%3Dlightbox%26settings%3DeyJpZCI6NDQ0NSwidXJsIjoiaHR0cHM6XC9cL2Npcml4YWQuY29tXC93cC1jb250ZW50XC91cGxvYWRzXC8yMDIzXC8wM1wvQmVuamkzLTAxLmpwZyIsInNsaWRlc2hvdyI6ImYxZDU0YmIifQ%3D%3D\" href='https:\/\/cirixad.com\/wp-content\/uploads\/2023\/03\/Benji3-01.jpg'><img decoding=\"async\" width=\"1800\" height=\"1396\" src=\"https:\/\/cirixad.com\/wp-content\/uploads\/2023\/03\/Benji3-01.jpg\" class=\"attachment-full size-full\" alt=\"\" srcset=\"https:\/\/cirixad.com\/wp-content\/uploads\/2023\/03\/Benji3-01.jpg 1800w, https:\/\/cirixad.com\/wp-content\/uploads\/2023\/03\/Benji3-01-300x233.jpg 300w, https:\/\/cirixad.com\/wp-content\/uploads\/2023\/03\/Benji3-01-1024x794.jpg 1024w, https:\/\/cirixad.com\/wp-content\/uploads\/2023\/03\/Benji3-01-768x596.jpg 768w, https:\/\/cirixad.com\/wp-content\/uploads\/2023\/03\/Benji3-01-1536x1191.jpg 1536w, https:\/\/cirixad.com\/wp-content\/uploads\/2023\/03\/Benji3-01-15x12.jpg 15w\" sizes=\"(max-width: 1800px) 100vw, 1800px\" \/><\/a>\n\t\t\t<\/div><\/figure><figure class='gallery-item'>\n\t\t\t<div class='gallery-icon landscape'>\n\t\t\t\t<a data-elementor-open-lightbox=\"yes\" data-elementor-lightbox-slideshow=\"f1d54bb\" data-elementor-lightbox-title=\"Benji2-01\" data-e-action-hash=\"#elementor-action%3Aaction%3Dlightbox%26settings%3DeyJpZCI6NDQ0NCwidXJsIjoiaHR0cHM6XC9cL2Npcml4YWQuY29tXC93cC1jb250ZW50XC91cGxvYWRzXC8yMDIzXC8wM1wvQmVuamkyLTAxLmpwZyIsInNsaWRlc2hvdyI6ImYxZDU0YmIifQ%3D%3D\" href='https:\/\/cirixad.com\/wp-content\/uploads\/2023\/03\/Benji2-01.jpg'><img loading=\"lazy\" decoding=\"async\" width=\"1800\" height=\"1396\" src=\"https:\/\/cirixad.com\/wp-content\/uploads\/2023\/03\/Benji2-01.jpg\" class=\"attachment-full size-full\" alt=\"\" srcset=\"https:\/\/cirixad.com\/wp-content\/uploads\/2023\/03\/Benji2-01.jpg 1800w, https:\/\/cirixad.com\/wp-content\/uploads\/2023\/03\/Benji2-01-300x233.jpg 300w, https:\/\/cirixad.com\/wp-content\/uploads\/2023\/03\/Benji2-01-1024x794.jpg 1024w, https:\/\/cirixad.com\/wp-content\/uploads\/2023\/03\/Benji2-01-768x596.jpg 768w, https:\/\/cirixad.com\/wp-content\/uploads\/2023\/03\/Benji2-01-1536x1191.jpg 1536w, https:\/\/cirixad.com\/wp-content\/uploads\/2023\/03\/Benji2-01-15x12.jpg 15w\" sizes=\"(max-width: 1800px) 100vw, 1800px\" \/><\/a>\n\t\t\t<\/div><\/figure><figure class='gallery-item'>\n\t\t\t<div class='gallery-icon landscape'>\n\t\t\t\t<a data-elementor-open-lightbox=\"yes\" data-elementor-lightbox-slideshow=\"f1d54bb\" data-elementor-lightbox-title=\"Benji5-01\" data-e-action-hash=\"#elementor-action%3Aaction%3Dlightbox%26settings%3DeyJpZCI6NDQ2NSwidXJsIjoiaHR0cHM6XC9cL2Npcml4YWQuY29tXC93cC1jb250ZW50XC91cGxvYWRzXC8yMDIzXC8wM1wvQmVuamk1LTAxLmpwZyIsInNsaWRlc2hvdyI6ImYxZDU0YmIifQ%3D%3D\" href='https:\/\/cirixad.com\/wp-content\/uploads\/2023\/03\/Benji5-01.jpg'><img loading=\"lazy\" decoding=\"async\" width=\"1800\" height=\"1396\" src=\"https:\/\/cirixad.com\/wp-content\/uploads\/2023\/03\/Benji5-01.jpg\" class=\"attachment-full size-full\" alt=\"\" srcset=\"https:\/\/cirixad.com\/wp-content\/uploads\/2023\/03\/Benji5-01.jpg 1800w, https:\/\/cirixad.com\/wp-content\/uploads\/2023\/03\/Benji5-01-300x233.jpg 300w, https:\/\/cirixad.com\/wp-content\/uploads\/2023\/03\/Benji5-01-1024x794.jpg 1024w, https:\/\/cirixad.com\/wp-content\/uploads\/2023\/03\/Benji5-01-768x596.jpg 768w, https:\/\/cirixad.com\/wp-content\/uploads\/2023\/03\/Benji5-01-1536x1191.jpg 1536w, https:\/\/cirixad.com\/wp-content\/uploads\/2023\/03\/Benji5-01-15x12.jpg 15w\" sizes=\"(max-width: 1800px) 100vw, 1800px\" \/><\/a>\n\t\t\t<\/div><\/figure><figure class='gallery-item'>\n\t\t\t<div class='gallery-icon landscape'>\n\t\t\t\t<a data-elementor-open-lightbox=\"yes\" data-elementor-lightbox-slideshow=\"f1d54bb\" data-elementor-lightbox-title=\"Benji6-01\" data-e-action-hash=\"#elementor-action%3Aaction%3Dlightbox%26settings%3DeyJpZCI6NDQ2NiwidXJsIjoiaHR0cHM6XC9cL2Npcml4YWQuY29tXC93cC1jb250ZW50XC91cGxvYWRzXC8yMDIzXC8wM1wvQmVuamk2LTAxLmpwZyIsInNsaWRlc2hvdyI6ImYxZDU0YmIifQ%3D%3D\" href='https:\/\/cirixad.com\/wp-content\/uploads\/2023\/03\/Benji6-01.jpg'><img loading=\"lazy\" decoding=\"async\" width=\"1800\" height=\"1396\" src=\"https:\/\/cirixad.com\/wp-content\/uploads\/2023\/03\/Benji6-01.jpg\" class=\"attachment-full size-full\" alt=\"\" srcset=\"https:\/\/cirixad.com\/wp-content\/uploads\/2023\/03\/Benji6-01.jpg 1800w, https:\/\/cirixad.com\/wp-content\/uploads\/2023\/03\/Benji6-01-300x233.jpg 300w, https:\/\/cirixad.com\/wp-content\/uploads\/2023\/03\/Benji6-01-1024x794.jpg 1024w, https:\/\/cirixad.com\/wp-content\/uploads\/2023\/03\/Benji6-01-768x596.jpg 768w, https:\/\/cirixad.com\/wp-content\/uploads\/2023\/03\/Benji6-01-1536x1191.jpg 1536w, https:\/\/cirixad.com\/wp-content\/uploads\/2023\/03\/Benji6-01-15x12.jpg 15w\" sizes=\"(max-width: 1800px) 100vw, 1800px\" \/><\/a>\n\t\t\t<\/div><\/figure>\n\t\t<\/div>\n\t\t<\/div>\n\t\t\t\t\t\t<\/div>\n\t\t\t\t<\/div>\n\t\t\t\t\t<\/div>\n\t\t<\/div>\n\t\t\t\t\t<\/div>\n\t\t<\/section>\n\t\t\t\t<\/div>","protected":false},"excerpt":{"rendered":"<p>Benji Floor Covering Launching Tiles floor covering company Flooring subcontractor that wants to increase business directly through consumer and private homeowners. We started designing and creating marketing material to launch the direct consumer business with a strategy that appeals their target. Among the customize business image material created were logo, business cards, brochures, vehicle magnets, &hellip;<\/p>\n<p class=\"read-more\"> <a class=\"\" href=\"https:\/\/cirixad.com\/es\/bravo-2\/\"> <span class=\"screen-reader-text\">Benji<\/span> Leer m\u00e1s &raquo;<\/a><\/p>","protected":false},"author":1,"featured_media":0,"parent":0,"menu_order":0,"comment_status":"closed","ping_status":"closed","template":"","meta":{"site-sidebar-layout":"no-sidebar","site-content-layout":"page-builder","ast-global-header-display":"","ast-main-header-display":"","ast-hfb-above-header-display":"","ast-hfb-below-header-display":"","ast-hfb-mobile-header-display":"","site-post-title":"disabled","ast-breadcrumbs-content":"","ast-featured-img":"disabled","footer-sml-layout":"","theme-transparent-header-meta":"","adv-header-id-meta":"","stick-header-meta":"","header-above-stick-meta":"","header-main-stick-meta":"","header-below-stick-meta":"","footnotes":""},"class_list":["post-3263","page","type-page","status-publish","hentry"],"_links":{"self":[{"href":"https:\/\/cirixad.com\/es\/wp-json\/wp\/v2\/pages\/3263","targetHints":{"allow":["GET"]}}],"collection":[{"href":"https:\/\/cirixad.com\/es\/wp-json\/wp\/v2\/pages"}],"about":[{"href":"https:\/\/cirixad.com\/es\/wp-json\/wp\/v2\/types\/page"}],"author":[{"embeddable":true,"href":"https:\/\/cirixad.com\/es\/wp-json\/wp\/v2\/users\/1"}],"replies":[{"embeddable":true,"href":"https:\/\/cirixad.com\/es\/wp-json\/wp\/v2\/comments?post=3263"}],"version-history":[{"count":5,"href":"https:\/\/cirixad.com\/es\/wp-json\/wp\/v2\/pages\/3263\/revisions"}],"predecessor-version":[{"id":4469,"href":"https:\/\/cirixad.com\/es\/wp-json\/wp\/v2\/pages\/3263\/revisions\/4469"}],"wp:attachment":[{"href":"https:\/\/cirixad.com\/es\/wp-json\/wp\/v2\/media?parent=3263"}],"curies":[{"name":"wp","href":"https:\/\/api.w.org\/{rel}","templated":true}]}}